{"id":74,"date":"2025-05-13T20:03:29","date_gmt":"2025-05-13T20:03:29","guid":{"rendered":"https:\/\/cooppaca.com\/?page_id=74"},"modified":"2025-07-10T12:57:20","modified_gmt":"2025-07-10T12:57:20","slug":"contacto","status":"publish","type":"page","link":"https:\/\/cooppaca.com\/index.php\/contacto\/","title":{"rendered":"Contacto"},"content":{"rendered":"\t\t<div data-elementor-type=\"wp-page\" data-elementor-id=\"74\" class=\"elementor elementor-74\" data-elementor-post-type=\"page\">\n\t\t\t\t<div class=\"elementor-element elementor-element-d29853e e-flex e-con-boxed e-con e-parent\" data-id=\"d29853e\" data-element_type=\"container\" data-settings=\"{&quot;background_background&quot;:&quot;classic&quot;,&quot;background_motion_fx_motion_fx_scrolling&quot;:&quot;yes&quot;,&quot;background_motion_fx_translateY_effect&quot;:&quot;yes&quot;,&quot;background_motion_fx_translateY_speed&quot;:{&quot;unit&quot;:&quot;px&quot;,&quot;size&quot;:6.9000000000000003552713678800500929355621337890625,&quot;sizes&quot;:[]},&quot;background_motion_fx_translateY_affectedRange&quot;:{&quot;unit&quot;:&quot;%&quot;,&quot;size&quot;:&quot;&quot;,&quot;sizes&quot;:{&quot;start&quot;:0,&quot;end&quot;:100}},&quot;background_motion_fx_devices&quot;:[&quot;desktop&quot;,&quot;tablet&quot;,&quot;mobile&quot;]}\">\n\t\t\t\t\t<div class=\"e-con-inner\">\n\t\t\t\t<div class=\"elementor-element elementor-element-b4175c1 elementor-widget elementor-widget-heading\" data-id=\"b4175c1\" data-element_type=\"widget\" data-widget_type=\"heading.default\">\n\t\t\t\t<div class=\"elementor-widget-container\">\n\t\t\t\t\t<h1 class=\"elementor-heading-title elementor-size-default\">Contactos<\/h1>\t\t\t\t<\/div>\n\t\t\t\t<\/div>\n\t\t\t\t\t<\/div>\n\t\t\t\t<\/div>\n\t\t<div class=\"elementor-element elementor-element-6563f90 e-flex e-con-boxed e-con e-parent\" data-id=\"6563f90\" data-element_type=\"container\">\n\t\t\t\t\t<div class=\"e-con-inner\">\n\t\t<div class=\"elementor-element elementor-element-3a508d8 e-con-full e-flex e-con e-child\" data-id=\"3a508d8\" data-element_type=\"container\">\n\t\t<div class=\"elementor-element elementor-element-d5abee5 e-grid e-con-full e-con e-child\" data-id=\"d5abee5\" data-element_type=\"container\">\n\t\t\t\t<div class=\"elementor-element elementor-element-190cb07 elementor-widget elementor-widget-heading\" data-id=\"190cb07\" data-element_type=\"widget\" data-widget_type=\"heading.default\">\n\t\t\t\t<div class=\"elementor-widget-container\">\n\t\t\t\t\t<h2 class=\"elementor-heading-title elementor-size-default\">Asistencia y soporte personalizado hoy mismo<\/h2>\t\t\t\t<\/div>\n\t\t\t\t<\/div>\n\t\t\t\t<div class=\"elementor-element elementor-element-429c92d elementor-widget elementor-widget-text-editor\" data-id=\"429c92d\" data-element_type=\"widget\" data-widget_type=\"text-editor.default\">\n\t\t\t\t<div class=\"elementor-widget-container\">\n\t\t\t\t\t\t\t\t\t<p>Si necesitas informaci\u00f3n, tienes preguntas o deseas enviarnos una sugerencia sobre nuestros productos o servicios, estamos aqu\u00ed para ayudarte. Completa nuestro formulario en l\u00ednea y uno de nuestros representantes se pondr\u00e1 en contacto contigo a la brevedad. \u00a1Tu opini\u00f3n es importante para nosotros!<\/p>\t\t\t\t\t\t\t\t<\/div>\n\t\t\t\t<\/div>\n\t\t<div class=\"elementor-element elementor-element-f8e462d e-grid e-con-full e-con e-child\" data-id=\"f8e462d\" data-element_type=\"container\" data-settings=\"{&quot;background_background&quot;:&quot;classic&quot;}\">\n\t\t<div class=\"elementor-element elementor-element-6fc7d99 e-grid e-con-full e-con e-child\" data-id=\"6fc7d99\" data-element_type=\"container\">\n\t\t\t\t<div class=\"elementor-element elementor-element-4ba6787 elementor-view-default elementor-widget elementor-widget-icon\" data-id=\"4ba6787\" data-element_type=\"widget\" data-widget_type=\"icon.default\">\n\t\t\t\t<div class=\"elementor-widget-container\">\n\t\t\t\t\t\t\t<div class=\"elementor-icon-wrapper\">\n\t\t\t<div class=\"elementor-icon\">\n\t\t\t<svg aria-hidden=\"true\" class=\"e-font-icon-svg e-fas-phone-alt\" viewBox=\"0 0 512 512\" xmlns=\"http:\/\/www.w3.org\/2000\/svg\"><path d=\"M497.39 361.8l-112-48a24 24 0 0 0-28 6.9l-49.6 60.6A370.66 370.66 0 0 1 130.6 204.11l60.6-49.6a23.94 23.94 0 0 0 6.9-28l-48-112A24.16 24.16 0 0 0 122.6.61l-104 24A24 24 0 0 0 0 48c0 256.5 207.9 464 464 464a24 24 0 0 0 23.4-18.6l24-104a24.29 24.29 0 0 0-14.01-27.6z\"><\/path><\/svg>\t\t\t<\/div>\n\t\t<\/div>\n\t\t\t\t\t\t<\/div>\n\t\t\t\t<\/div>\n\t\t\t\t<div class=\"elementor-element elementor-element-d1e284c elementor-headline--style-highlight elementor-widget elementor-widget-animated-headline\" data-id=\"d1e284c\" data-element_type=\"widget\" data-settings=\"{&quot;marker&quot;:&quot;curly&quot;,&quot;highlighted_text&quot;:&quot; +1 809 000 0000&quot;,&quot;headline_style&quot;:&quot;highlight&quot;,&quot;loop&quot;:&quot;yes&quot;,&quot;highlight_animation_duration&quot;:1200,&quot;highlight_iteration_delay&quot;:8000}\" data-widget_type=\"animated-headline.default\">\n\t\t\t\t<div class=\"elementor-widget-container\">\n\t\t\t\t\t\t\t<h3 class=\"elementor-headline\">\n\t\t\t\t\t<span class=\"elementor-headline-plain-text elementor-headline-text-wrapper\">N\u00famero de contacto:<\/span>\n\t\t\t\t<span class=\"elementor-headline-dynamic-wrapper elementor-headline-text-wrapper\">\n\t\t\t\t\t<span class=\"elementor-headline-dynamic-text elementor-headline-text-active\"> +1 809 000 0000<\/span>\n\t\t\t\t<\/span>\n\t\t\t\t<\/h3>\n\t\t\t\t\t\t<\/div>\n\t\t\t\t<\/div>\n\t\t\t\t<\/div>\n\t\t<div class=\"elementor-element elementor-element-0c3a861 e-flex e-con-boxed e-con e-child\" data-id=\"0c3a861\" data-element_type=\"container\">\n\t\t\t\t\t<div class=\"e-con-inner\">\n\t\t\t\t<div class=\"elementor-element elementor-element-35bbf67 elementor-widget-divider--view-line elementor-widget elementor-widget-divider\" data-id=\"35bbf67\" data-element_type=\"widget\" data-widget_type=\"divider.default\">\n\t\t\t\t<div class=\"elementor-widget-container\">\n\t\t\t\t\t\t\t<div class=\"elementor-divider\">\n\t\t\t<span class=\"elementor-divider-separator\">\n\t\t\t\t\t\t<\/span>\n\t\t<\/div>\n\t\t\t\t\t\t<\/div>\n\t\t\t\t<\/div>\n\t\t\t\t\t<\/div>\n\t\t\t\t<\/div>\n\t\t<div class=\"elementor-element elementor-element-d3dfd68 e-grid e-con-full e-con e-child\" data-id=\"d3dfd68\" data-element_type=\"container\">\n\t\t\t\t<div class=\"elementor-element elementor-element-5f74510 elementor-view-default elementor-widget elementor-widget-icon\" data-id=\"5f74510\" data-element_type=\"widget\" data-widget_type=\"icon.default\">\n\t\t\t\t<div class=\"elementor-widget-container\">\n\t\t\t\t\t\t\t<div class=\"elementor-icon-wrapper\">\n\t\t\t<div class=\"elementor-icon\">\n\t\t\t<svg aria-hidden=\"true\" class=\"e-font-icon-svg e-fas-mail-bulk\" viewBox=\"0 0 576 512\" xmlns=\"http:\/\/www.w3.org\/2000\/svg\"><path d=\"M160 448c-25.6 0-51.2-22.4-64-32-64-44.8-83.2-60.8-96-70.4V480c0 17.67 14.33 32 32 32h256c17.67 0 32-14.33 32-32V345.6c-12.8 9.6-32 25.6-96 70.4-12.8 9.6-38.4 32-64 32zm128-192H32c-17.67 0-32 14.33-32 32v16c25.6 19.2 22.4 19.2 115.2 86.4 9.6 6.4 28.8 25.6 44.8 25.6s35.2-19.2 44.8-22.4c92.8-67.2 89.6-67.2 115.2-86.4V288c0-17.67-14.33-32-32-32zm256-96H224c-17.67 0-32 14.33-32 32v32h96c33.21 0 60.59 25.42 63.71 57.82l.29-.22V416h192c17.67 0 32-14.33 32-32V192c0-17.67-14.33-32-32-32zm-32 128h-64v-64h64v64zm-352-96c0-35.29 28.71-64 64-64h224V32c0-17.67-14.33-32-32-32H96C78.33 0 64 14.33 64 32v192h96v-32z\"><\/path><\/svg>\t\t\t<\/div>\n\t\t<\/div>\n\t\t\t\t\t\t<\/div>\n\t\t\t\t<\/div>\n\t\t\t\t<div class=\"elementor-element elementor-element-1632ad7 elementor-headline--style-highlight elementor-widget elementor-widget-animated-headline\" data-id=\"1632ad7\" data-element_type=\"widget\" data-settings=\"{&quot;marker&quot;:&quot;curly&quot;,&quot;highlighted_text&quot;:&quot; info@coppaca.com&quot;,&quot;headline_style&quot;:&quot;highlight&quot;,&quot;loop&quot;:&quot;yes&quot;,&quot;highlight_animation_duration&quot;:1200,&quot;highlight_iteration_delay&quot;:8000}\" data-widget_type=\"animated-headline.default\">\n\t\t\t\t<div class=\"elementor-widget-container\">\n\t\t\t\t\t\t\t<h3 class=\"elementor-headline\">\n\t\t\t\t\t<span class=\"elementor-headline-plain-text elementor-headline-text-wrapper\">Email:<\/span>\n\t\t\t\t<span class=\"elementor-headline-dynamic-wrapper elementor-headline-text-wrapper\">\n\t\t\t\t\t<span class=\"elementor-headline-dynamic-text elementor-headline-text-active\"> info@coppaca.com<\/span>\n\t\t\t\t<\/span>\n\t\t\t\t<\/h3>\n\t\t\t\t\t\t<\/div>\n\t\t\t\t<\/div>\n\t\t\t\t<\/div>\n\t\t\t\t<\/div>\n\t\t\t\t<\/div>\n\t\t\t\t<\/div>\n\t\t<div class=\"elementor-element elementor-element-19dd408 e-con-full e-flex e-con e-child\" data-id=\"19dd408\" data-element_type=\"container\">\n\t\t\t\t<div class=\"elementor-element elementor-element-32a2081 elementor-widget elementor-widget-html\" data-id=\"32a2081\" data-element_type=\"widget\" data-widget_type=\"html.default\">\n\t\t\t\t<div class=\"elementor-widget-container\">\n\t\t\t\t\t<div class=\"container\">\r\n  <h1>Ponte en <strong>contacto<\/strong><br>con nosotros<\/h1>\r\n  <div class=\"dot\"><\/div>\r\n  <p class=\"subtitle\">Cont\u00e1ctanos completando el formulario.<\/p>\r\n\r\n  <form id=\"contactForm\">\r\n    <div class=\"form-row\">\r\n      <div class=\"form-group\">\r\n        <input type=\"text\" id=\"nombre\" placeholder=\"Nombre\" required>\r\n      <\/div>\r\n      <div class=\"form-group\">\r\n        <input type=\"text\" id=\"apellido\" placeholder=\"Apellido\" required>\r\n      <\/div>\r\n    <\/div>\r\n\r\n    <div class=\"form-row\">\r\n      <div class=\"form-group\">\r\n        <input type=\"email\" id=\"email\" placeholder=\"Correo electr\u00f3nico\" required>\r\n      <\/div>\r\n      <div class=\"form-group\">\r\n        <input type=\"tel\" id=\"telefono\" placeholder=\"N\u00famero de tel\u00e9fono\" required>\r\n      <\/div>\r\n    <\/div>\r\n\r\n    <div class=\"form-group\" style=\"margin-bottom: 20px;\">\r\n      <textarea id=\"mensaje\" placeholder=\"Mensaje\" required><\/textarea>\r\n    <\/div>\r\n\r\n    <button type=\"submit\">Enviar Mensaje<\/button>\r\n  <\/form>\r\n<\/div>\r\n\r\n<script>\r\n  document.getElementById('contactForm').addEventListener('submit', function(e) {\r\n    e.preventDefault();\r\n\r\n    const nombre = document.getElementById('nombre').value.trim();\r\n    const apellido = document.getElementById('apellido').value.trim();\r\n    const email = document.getElementById('email').value.trim();\r\n    const telefono = document.getElementById('telefono').value.trim();\r\n    const mensaje = document.getElementById('mensaje').value.trim();\r\n\r\n    if (!nombre || !apellido || !email || !telefono || !mensaje) {\r\n      alert('Por favor, completa todos los campos.');\r\n      return;\r\n    }\r\n\r\n    alert('Mensaje enviado correctamente \u2705');\r\n    this.reset();\r\n  });\r\n<\/script>\r\n\t\t\t\t<\/div>\n\t\t\t\t<\/div>\n\t\t\t\t<\/div>\n\t\t\t\t\t<\/div>\n\t\t\t\t<\/div>\n\t\t<div class=\"elementor-element elementor-element-a55c2bc e-flex e-con-boxed e-con e-parent\" data-id=\"a55c2bc\" data-element_type=\"container\">\n\t\t\t\t\t<div class=\"e-con-inner\">\n\t\t\t\t<div class=\"elementor-element elementor-element-4c49ef0 elementor-widget__width-inherit elementor-absolute elementor-widget elementor-widget-google_maps\" data-id=\"4c49ef0\" data-element_type=\"widget\" data-settings=\"{&quot;_position&quot;:&quot;absolute&quot;}\" data-widget_type=\"google_maps.default\">\n\t\t\t\t<div class=\"elementor-widget-container\">\n\t\t\t\t\t\t\t<div class=\"elementor-custom-embed\">\n\t\t\t<iframe loading=\"lazy\"\n\t\t\t\t\tsrc=\"https:\/\/maps.google.com\/maps?q=Cooperativa%20de%20Ahorro%2C%20Credito%20Y%20Servicios%20M%C3%BAltiples%20%22Padre%20Las%20Casas%22%20INC.%2C%20P3H4%2BPXH%2C%20523%2C%20Padre%20Las%20Casas%2071000&#038;t=m&#038;z=16&#038;output=embed&#038;iwloc=near\"\n\t\t\t\t\ttitle=\"Cooperativa de Ahorro, Credito Y Servicios M\u00faltiples &quot;Padre Las Casas&quot; INC., P3H4+PXH, 523, Padre Las Casas 71000\"\n\t\t\t\t\taria-label=\"Cooperativa de Ahorro, Credito Y Servicios M\u00faltiples &quot;Padre Las Casas&quot; INC., P3H4+PXH, 523, Padre Las Casas 71000\"\n\t\t\t><\/iframe>\n\t\t<\/div>\n\t\t\t\t\t\t<\/div>\n\t\t\t\t<\/div>\n\t\t\t\t\t<\/div>\n\t\t\t\t<\/div>\n\t\t\t\t<\/div>\n\t\t","protected":false},"excerpt":{"rendered":"<p>Contactos Asistencia y soporte personalizado hoy mismo Si necesitas informaci\u00f3n, tienes preguntas o deseas enviarnos una sugerencia sobre nuestros productos [&hellip;]<\/p>\n","protected":false},"author":1,"featured_media":0,"parent":0,"menu_order":0,"comment_status":"closed","ping_status":"closed","template":"","meta":{"site-sidebar-layout":"no-sidebar","site-content-layout":"","ast-site-content-layout":"full-width-container","site-content-style":"default","site-sidebar-style":"default","ast-global-header-display":"","ast-banner-title-visibility":"","ast-main-header-display":"","ast-hfb-above-header-display":"","ast-hfb-below-header-display":"","ast-hfb-mobile-header-display":"","site-post-title":"disabled","ast-breadcrumbs-content":"","ast-featured-img":"disabled","footer-sml-layout":"","theme-transparent-header-meta":"","adv-header-id-meta":"","stick-header-meta":"","header-above-stick-meta":"","header-main-stick-meta":"","header-below-stick-meta":"","astra-migrate-meta-layouts":"default","ast-page-background-enabled":"default","ast-page-background-meta":{"desktop":{"background-color":"var(--ast-global-color-5)","background-image":"","background-repeat":"repeat","background-position":"center center","background-size":"auto","background-attachment":"scroll","background-type":"","background-media":"","overlay-type":"","overlay-color":"","overlay-opacity":"","overlay-gradient":""},"tablet":{"background-color":"","background-image":"","background-repeat":"repeat","background-position":"center center","background-size":"auto","background-attachment":"scroll","background-type":"","background-media":"","overlay-type":"","overlay-color":"","overlay-opacity":"","overlay-gradient":""},"mobile":{"background-color":"","background-image":"","background-repeat":"repeat","background-position":"center center","background-size":"auto","background-attachment":"scroll","background-type":"","background-media":"","overlay-type":"","overlay-color":"","overlay-opacity":"","overlay-gradient":""}},"ast-content-background-meta":{"desktop":{"background-color":"var(--ast-global-color-4)","background-image":"","background-repeat":"repeat","background-position":"center center","background-size":"auto","background-attachment":"scroll","background-type":"","background-media":"","overlay-type":"","overlay-color":"","overlay-opacity":"","overlay-gradient":""},"tablet":{"background-color":"var(--ast-global-color-4)","background-image":"","background-repeat":"repeat","background-position":"center center","background-size":"auto","background-attachment":"scroll","background-type":"","background-media":"","overlay-type":"","overlay-color":"","overlay-opacity":"","overlay-gradient":""},"mobile":{"background-color":"var(--ast-global-color-4)","background-image":"","background-repeat":"repeat","background-position":"center center","background-size":"auto","background-attachment":"scroll","background-type":"","background-media":"","overlay-type":"","overlay-color":"","overlay-opacity":"","overlay-gradient":""}},"footnotes":""},"class_list":["post-74","page","type-page","status-publish","hentry"],"yoast_head":"<!-- This site is optimized with the Yoast SEO plugin v26.8 - https:\/\/yoast.com\/product\/yoast-seo-wordpress\/ -->\n<title>Contacto - cooppaca<\/title>\n<meta name=\"robots\" content=\"index, follow, max-snippet:-1, max-image-preview:large, max-video-preview:-1\" \/>\n<link rel=\"canonical\" href=\"https:\/\/cooppaca.com\/index.php\/contacto\/\" \/>\n<meta property=\"og:locale\" content=\"es_ES\" \/>\n<meta property=\"og:type\" content=\"article\" \/>\n<meta property=\"og:title\" content=\"Contacto - cooppaca\" \/>\n<meta property=\"og:description\" content=\"Contactos Asistencia y soporte personalizado hoy mismo Si necesitas informaci\u00f3n, tienes preguntas o deseas enviarnos una sugerencia sobre nuestros productos [&hellip;]\" \/>\n<meta property=\"og:url\" content=\"https:\/\/cooppaca.com\/index.php\/contacto\/\" \/>\n<meta property=\"og:site_name\" content=\"cooppaca\" \/>\n<meta property=\"article:modified_time\" content=\"2025-07-10T12:57:20+00:00\" \/>\n<meta name=\"twitter:card\" content=\"summary_large_image\" \/>\n<meta name=\"twitter:label1\" content=\"Est. reading time\" \/>\n\t<meta name=\"twitter:data1\" content=\"1 minuto\" \/>\n<script type=\"application\/ld+json\" class=\"yoast-schema-graph\">{\"@context\":\"https:\/\/schema.org\",\"@graph\":[{\"@type\":\"WebPage\",\"@id\":\"https:\/\/cooppaca.com\/index.php\/contacto\/\",\"url\":\"https:\/\/cooppaca.com\/index.php\/contacto\/\",\"name\":\"Contacto - cooppaca\",\"isPartOf\":{\"@id\":\"https:\/\/cooppaca.com\/#website\"},\"datePublished\":\"2025-05-13T20:03:29+00:00\",\"dateModified\":\"2025-07-10T12:57:20+00:00\",\"breadcrumb\":{\"@id\":\"https:\/\/cooppaca.com\/index.php\/contacto\/#breadcrumb\"},\"inLanguage\":\"es-DO\",\"potentialAction\":[{\"@type\":\"ReadAction\",\"target\":[\"https:\/\/cooppaca.com\/index.php\/contacto\/\"]}]},{\"@type\":\"BreadcrumbList\",\"@id\":\"https:\/\/cooppaca.com\/index.php\/contacto\/#breadcrumb\",\"itemListElement\":[{\"@type\":\"ListItem\",\"position\":1,\"name\":\"Home\",\"item\":\"https:\/\/cooppaca.com\/\"},{\"@type\":\"ListItem\",\"position\":2,\"name\":\"Contacto\"}]},{\"@type\":\"WebSite\",\"@id\":\"https:\/\/cooppaca.com\/#website\",\"url\":\"https:\/\/cooppaca.com\/\",\"name\":\"cooppaca\",\"description\":\"COOPERATIVA DE AHORRO,  CR\u00c9DITO Y SERVICIOS M\u00daLTIPLES, INC.  PADRE LAS CASAS -COOPPACA\",\"publisher\":{\"@id\":\"https:\/\/cooppaca.com\/#organization\"},\"potentialAction\":[{\"@type\":\"SearchAction\",\"target\":{\"@type\":\"EntryPoint\",\"urlTemplate\":\"https:\/\/cooppaca.com\/?s={search_term_string}\"},\"query-input\":{\"@type\":\"PropertyValueSpecification\",\"valueRequired\":true,\"valueName\":\"search_term_string\"}}],\"inLanguage\":\"es-DO\"},{\"@type\":\"Organization\",\"@id\":\"https:\/\/cooppaca.com\/#organization\",\"name\":\"cooppaca\",\"url\":\"https:\/\/cooppaca.com\/\",\"logo\":{\"@type\":\"ImageObject\",\"inLanguage\":\"es-DO\",\"@id\":\"https:\/\/cooppaca.com\/#\/schema\/logo\/image\/\",\"url\":\"https:\/\/cooppaca.com\/wp-content\/uploads\/2025\/05\/cropped-coopaca-logo-new-png.png\",\"contentUrl\":\"https:\/\/cooppaca.com\/wp-content\/uploads\/2025\/05\/cropped-coopaca-logo-new-png.png\",\"width\":983,\"height\":225,\"caption\":\"cooppaca\"},\"image\":{\"@id\":\"https:\/\/cooppaca.com\/#\/schema\/logo\/image\/\"}}]}<\/script>\n<!-- \/ Yoast SEO plugin. -->","yoast_head_json":{"title":"Contacto - cooppaca","robots":{"index":"index","follow":"follow","max-snippet":"max-snippet:-1","max-image-preview":"max-image-preview:large","max-video-preview":"max-video-preview:-1"},"canonical":"https:\/\/cooppaca.com\/index.php\/contacto\/","og_locale":"es_ES","og_type":"article","og_title":"Contacto - cooppaca","og_description":"Contactos Asistencia y soporte personalizado hoy mismo Si necesitas informaci\u00f3n, tienes preguntas o deseas enviarnos una sugerencia sobre nuestros productos [&hellip;]","og_url":"https:\/\/cooppaca.com\/index.php\/contacto\/","og_site_name":"cooppaca","article_modified_time":"2025-07-10T12:57:20+00:00","twitter_card":"summary_large_image","twitter_misc":{"Est. reading time":"1 minuto"},"schema":{"@context":"https:\/\/schema.org","@graph":[{"@type":"WebPage","@id":"https:\/\/cooppaca.com\/index.php\/contacto\/","url":"https:\/\/cooppaca.com\/index.php\/contacto\/","name":"Contacto - cooppaca","isPartOf":{"@id":"https:\/\/cooppaca.com\/#website"},"datePublished":"2025-05-13T20:03:29+00:00","dateModified":"2025-07-10T12:57:20+00:00","breadcrumb":{"@id":"https:\/\/cooppaca.com\/index.php\/contacto\/#breadcrumb"},"inLanguage":"es-DO","potentialAction":[{"@type":"ReadAction","target":["https:\/\/cooppaca.com\/index.php\/contacto\/"]}]},{"@type":"BreadcrumbList","@id":"https:\/\/cooppaca.com\/index.php\/contacto\/#breadcrumb","itemListElement":[{"@type":"ListItem","position":1,"name":"Home","item":"https:\/\/cooppaca.com\/"},{"@type":"ListItem","position":2,"name":"Contacto"}]},{"@type":"WebSite","@id":"https:\/\/cooppaca.com\/#website","url":"https:\/\/cooppaca.com\/","name":"cooppaca","description":"COOPERATIVA DE AHORRO,  CR\u00c9DITO Y SERVICIOS M\u00daLTIPLES, INC.  PADRE LAS CASAS -COOPPACA","publisher":{"@id":"https:\/\/cooppaca.com\/#organization"},"potentialAction":[{"@type":"SearchAction","target":{"@type":"EntryPoint","urlTemplate":"https:\/\/cooppaca.com\/?s={search_term_string}"},"query-input":{"@type":"PropertyValueSpecification","valueRequired":true,"valueName":"search_term_string"}}],"inLanguage":"es-DO"},{"@type":"Organization","@id":"https:\/\/cooppaca.com\/#organization","name":"cooppaca","url":"https:\/\/cooppaca.com\/","logo":{"@type":"ImageObject","inLanguage":"es-DO","@id":"https:\/\/cooppaca.com\/#\/schema\/logo\/image\/","url":"https:\/\/cooppaca.com\/wp-content\/uploads\/2025\/05\/cropped-coopaca-logo-new-png.png","contentUrl":"https:\/\/cooppaca.com\/wp-content\/uploads\/2025\/05\/cropped-coopaca-logo-new-png.png","width":983,"height":225,"caption":"cooppaca"},"image":{"@id":"https:\/\/cooppaca.com\/#\/schema\/logo\/image\/"}}]}},"_links":{"self":[{"href":"https:\/\/cooppaca.com\/index.php\/wp-json\/wp\/v2\/pages\/74","targetHints":{"allow":["GET"]}}],"collection":[{"href":"https:\/\/cooppaca.com\/index.php\/wp-json\/wp\/v2\/pages"}],"about":[{"href":"https:\/\/cooppaca.com\/index.php\/wp-json\/wp\/v2\/types\/page"}],"author":[{"embeddable":true,"href":"https:\/\/cooppaca.com\/index.php\/wp-json\/wp\/v2\/users\/1"}],"replies":[{"embeddable":true,"href":"https:\/\/cooppaca.com\/index.php\/wp-json\/wp\/v2\/comments?post=74"}],"version-history":[{"count":22,"href":"https:\/\/cooppaca.com\/index.php\/wp-json\/wp\/v2\/pages\/74\/revisions"}],"predecessor-version":[{"id":267,"href":"https:\/\/cooppaca.com\/index.php\/wp-json\/wp\/v2\/pages\/74\/revisions\/267"}],"wp:attachment":[{"href":"https:\/\/cooppaca.com\/index.php\/wp-json\/wp\/v2\/media?parent=74"}],"curies":[{"name":"wp","href":"https:\/\/api.w.org\/{rel}","templated":true}]}}