{"id":132,"date":"2025-05-21T13:34:13","date_gmt":"2025-05-21T13:34:13","guid":{"rendered":"https:\/\/cooppaca.com\/?page_id=132"},"modified":"2025-05-29T02:28:07","modified_gmt":"2025-05-29T02:28:07","slug":"nuevo-socio","status":"publish","type":"page","link":"https:\/\/cooppaca.com\/index.php\/nuevo-socio\/","title":{"rendered":"Nuevo Socio"},"content":{"rendered":"\t\t<div data-elementor-type=\"wp-page\" data-elementor-id=\"132\" class=\"elementor elementor-132\" data-elementor-post-type=\"page\">\n\t\t\t\t<div class=\"elementor-element elementor-element-49f6fb6 e-flex e-con-boxed e-con e-parent\" data-id=\"49f6fb6\" data-element_type=\"container\" data-settings=\"{&quot;shape_divider_top&quot;:&quot;opacity-fan&quot;,&quot;shape_divider_bottom&quot;:&quot;mountains&quot;}\">\n\t\t\t\t\t<div class=\"e-con-inner\">\n\t\t\t\t<div class=\"elementor-shape elementor-shape-top\" aria-hidden=\"true\" data-negative=\"false\">\n\t\t\t<svg xmlns=\"http:\/\/www.w3.org\/2000\/svg\" viewBox=\"0 0 283.5 19.6\" preserveAspectRatio=\"none\">\n\t<path class=\"elementor-shape-fill\" style=\"opacity:0.33\" d=\"M0 0L0 18.8 141.8 4.1 283.5 18.8 283.5 0z\"\/>\n\t<path class=\"elementor-shape-fill\" style=\"opacity:0.33\" d=\"M0 0L0 12.6 141.8 4 283.5 12.6 283.5 0z\"\/>\n\t<path class=\"elementor-shape-fill\" style=\"opacity:0.33\" d=\"M0 0L0 6.4 141.8 4 283.5 6.4 283.5 0z\"\/>\n\t<path class=\"elementor-shape-fill\" d=\"M0 0L0 1.2 141.8 4 283.5 1.2 283.5 0z\"\/>\n<\/svg>\t\t<\/div>\n\t\t\t\t<div class=\"elementor-shape elementor-shape-bottom\" aria-hidden=\"true\" data-negative=\"false\">\n\t\t\t<svg xmlns=\"http:\/\/www.w3.org\/2000\/svg\" viewBox=\"0 0 1000 100\" preserveAspectRatio=\"none\">\n\t<path class=\"elementor-shape-fill\" opacity=\"0.33\" d=\"M473,67.3c-203.9,88.3-263.1-34-320.3,0C66,119.1,0,59.7,0,59.7V0h1000v59.7 c0,0-62.1,26.1-94.9,29.3c-32.8,3.3-62.8-12.3-75.8-22.1C806,49.6,745.3,8.7,694.9,4.7S492.4,59,473,67.3z\"\/>\n\t<path class=\"elementor-shape-fill\" opacity=\"0.66\" d=\"M734,67.3c-45.5,0-77.2-23.2-129.1-39.1c-28.6-8.7-150.3-10.1-254,39.1 s-91.7-34.4-149.2,0C115.7,118.3,0,39.8,0,39.8V0h1000v36.5c0,0-28.2-18.5-92.1-18.5C810.2,18.1,775.7,67.3,734,67.3z\"\/>\n\t<path class=\"elementor-shape-fill\" d=\"M766.1,28.9c-200-57.5-266,65.5-395.1,19.5C242,1.8,242,5.4,184.8,20.6C128,35.8,132.3,44.9,89.9,52.5C28.6,63.7,0,0,0,0 h1000c0,0-9.9,40.9-83.6,48.1S829.6,47,766.1,28.9z\"\/>\n<\/svg>\t\t<\/div>\n\t\t\t\t<div class=\"elementor-element elementor-element-2c3c98d elementor-widget elementor-widget-shortcode\" data-id=\"2c3c98d\" data-element_type=\"widget\" data-widget_type=\"shortcode.default\">\n\t\t\t\t<div class=\"elementor-widget-container\">\n\t\t\t\t\t\t\t<div class=\"elementor-shortcode\">\n<div class=\"wpcf7 no-js\" id=\"wpcf7-f131-o1\" lang=\"es-DO\" dir=\"ltr\" data-wpcf7-id=\"131\">\n<div class=\"screen-reader-response\"><p role=\"status\" aria-live=\"polite\" aria-atomic=\"true\"><\/p> <ul><\/ul><\/div>\n<form action=\"\/index.php\/wp-json\/wp\/v2\/pages\/132#wpcf7-f131-o1\" method=\"post\" class=\"wpcf7-form init\" aria-label=\"Contact form\" novalidate=\"novalidate\" data-status=\"init\">\n<fieldset class=\"hidden-fields-container\"><input type=\"hidden\" name=\"_wpcf7\" value=\"131\" \/><input type=\"hidden\" name=\"_wpcf7_version\" value=\"6.1.5\" \/><input type=\"hidden\" name=\"_wpcf7_locale\" value=\"es_DO\" \/><input type=\"hidden\" name=\"_wpcf7_unit_tag\" value=\"wpcf7-f131-o1\" \/><input type=\"hidden\" name=\"_wpcf7_container_post\" value=\"0\" \/><input type=\"hidden\" name=\"_wpcf7_posted_data_hash\" value=\"\" \/><input type=\"hidden\" name=\"redirect_nonce\" value=\"a94fc54177\" \/><input type=\"hidden\" name=\"wpcf7cfpdf_hidden_name\" value=\"document-pdf\" \/><input type=\"hidden\" name=\"wpcf7cfpdf_hidden_reference\" value=\"6cd9c186\" \/><input type=\"hidden\" name=\"wpcf7cfpdf_hidden_date\" value=\"abril16,2026\" \/>\n<\/fieldset>\n<div class=\"formulario-grid\">\n\t<h2 class=\"seccion-titulo\">DATOS PERSONALES\n\t<\/h2>\n\t<div class=\"columna\">\n\t\t<p><label>Nombres y Apellidos<br \/>\n<span class=\"wpcf7-form-control-wrap\" data-name=\"nombres\"><input size=\"40\" maxlength=\"400\" class=\"wpcf7-form-control wpcf7-text wpcf7-validates-as-required\" aria-required=\"true\" aria-invalid=\"false\" placeholder=\"Samuel Frias\" value=\"\" type=\"text\" name=\"nombres\" \/><\/span><br \/>\n<\/label><br \/>\n<label>C\u00e9dula de Identidad o Pasaporte<br \/>\n<span class=\"wpcf7-form-control-wrap\" data-name=\"cedula-identidad\"><input size=\"40\" maxlength=\"400\" class=\"wpcf7-form-control wpcf7-text wpcf7-validates-as-required\" aria-required=\"true\" aria-invalid=\"false\" placeholder=\"000-0000000-0\" value=\"\" type=\"text\" name=\"cedula-identidad\" \/><\/span><br \/>\n<\/label><br \/>\n<label>Apodo<br \/>\n<span class=\"wpcf7-form-control-wrap\" data-name=\"apodo\"><input size=\"40\" maxlength=\"400\" class=\"wpcf7-form-control wpcf7-text\" aria-invalid=\"false\" placeholder=\"juansito\" value=\"\" type=\"text\" name=\"apodo\" \/><\/span><br \/>\n<\/label><br \/>\n<label>Sexo<br \/>\n<span class=\"wpcf7-form-control-wrap\" data-name=\"sexo\"><select class=\"wpcf7-form-control wpcf7-select wpcf7-validates-as-required\" aria-required=\"true\" aria-invalid=\"false\" name=\"sexo\"><option value=\"Masculino\">Masculino<\/option><option value=\"Femenino\">Femenino<\/option><\/select><\/span><br \/>\n<\/label><br \/>\n<label>Estado Civil<br \/>\n<span class=\"wpcf7-form-control-wrap\" data-name=\"estado-civil\"><select class=\"wpcf7-form-control wpcf7-select wpcf7-validates-as-required\" aria-required=\"true\" aria-invalid=\"false\" name=\"estado-civil\"><option value=\"Soltero\/a\">Soltero\/a<\/option><option value=\"Casado\/a\">Casado\/a<\/option><option value=\"Uni\u00f3n Libre\">Uni\u00f3n Libre<\/option><option value=\"Divorciado\/a\">Divorciado\/a<\/option><option value=\"Viudo\/a\">Viudo\/a<\/option><\/select><\/span><br \/>\n<\/label>\n\t\t<\/p>\n\t<\/div>\n\t<div class=\"columna\">\n\t\t<p><label>Nacionalidad<br \/>\n<span class=\"wpcf7-form-control-wrap\" data-name=\"nacionalidad\"><input size=\"40\" maxlength=\"400\" class=\"wpcf7-form-control wpcf7-text wpcf7-validates-as-required\" aria-required=\"true\" aria-invalid=\"false\" placeholder=\"Dominicano\" value=\"\" type=\"text\" name=\"nacionalidad\" \/><\/span><br \/>\n<\/label><br \/>\n<label>Fecha de Nacimiento<br \/>\n<span class=\"wpcf7-form-control-wrap\" data-name=\"fecha-nacimiento\"><input class=\"wpcf7-form-control wpcf7-date wpcf7-validates-as-required wpcf7-validates-as-date\" aria-required=\"true\" aria-invalid=\"false\" value=\"\" type=\"date\" name=\"fecha-nacimiento\" \/><\/span><br \/>\n<\/label><br \/>\n<label>Lugar de Nacimiento<br \/>\n<span class=\"wpcf7-form-control-wrap\" data-name=\"lugar-nacimiento\"><input size=\"40\" maxlength=\"400\" class=\"wpcf7-form-control wpcf7-text wpcf7-validates-as-required\" aria-required=\"true\" aria-invalid=\"false\" placeholder=\"Gaspar Hern\u00e1ndez\" value=\"\" type=\"text\" name=\"lugar-nacimiento\" \/><\/span><br \/>\n<\/label><br \/>\n<label>Direcci\u00f3n<br \/>\n<span class=\"wpcf7-form-control-wrap\" data-name=\"direccion\"><input size=\"40\" maxlength=\"400\" class=\"wpcf7-form-control wpcf7-text wpcf7-validates-as-required\" aria-required=\"true\" aria-invalid=\"false\" placeholder=\"Colocar su direcci\u00f3n\" value=\"\" type=\"text\" name=\"direccion\" \/><\/span><br \/>\n<\/label><br \/>\n<label>Ciudad<br \/>\n<span class=\"wpcf7-form-control-wrap\" data-name=\"ciudad\"><input size=\"40\" maxlength=\"400\" class=\"wpcf7-form-control wpcf7-text wpcf7-validates-as-required\" aria-required=\"true\" aria-invalid=\"false\" placeholder=\"Ej. Santiago\" value=\"\" type=\"text\" name=\"ciudad\" \/><\/span><br \/>\n<\/label>\n\t\t<\/p>\n\t<\/div>\n<\/div>\n<div class=\"formulario-grid\">\n\t<h2 class=\"seccion-titulo\">TEL\u00c9FONOS\n\t<\/h2>\n\t<div class=\"columna\">\n\t\t<p><label>Tel\u00e9fono Residencial<br \/>\n<span class=\"wpcf7-form-control-wrap\" data-name=\"telefono-residencial\"><input size=\"40\" maxlength=\"400\" class=\"wpcf7-form-control wpcf7-tel wpcf7-text wpcf7-validates-as-tel\" aria-invalid=\"false\" placeholder=\"809-000-0000\" value=\"\" type=\"tel\" name=\"telefono-residencial\" \/><\/span><br \/>\n<\/label><br \/>\n<label>Tel\u00e9fono Trabajo<br \/>\n<span class=\"wpcf7-form-control-wrap\" data-name=\"telefono-trabajo\"><input size=\"40\" maxlength=\"400\" class=\"wpcf7-form-control wpcf7-tel wpcf7-text wpcf7-validates-as-tel\" aria-invalid=\"false\" placeholder=\"809-000-0000\" value=\"\" type=\"tel\" name=\"telefono-trabajo\" \/><\/span><br \/>\n<\/label>\n\t\t<\/p>\n\t<\/div>\n\t<div class=\"columna\">\n\t\t<p><label>M\u00f3vil<br \/>\n<span class=\"wpcf7-form-control-wrap\" data-name=\"movil\"><input size=\"40\" maxlength=\"400\" class=\"wpcf7-form-control wpcf7-tel wpcf7-validates-as-required wpcf7-text wpcf7-validates-as-tel\" aria-required=\"true\" aria-invalid=\"false\" placeholder=\"829-000-0000\" value=\"\" type=\"tel\" name=\"movil\" \/><\/span><br \/>\n<\/label><br \/>\n<label>Extensi\u00f3n<br \/>\n<span class=\"wpcf7-form-control-wrap\" data-name=\"ext\"><input size=\"40\" maxlength=\"400\" class=\"wpcf7-form-control wpcf7-text\" aria-invalid=\"false\" placeholder=\"Extensi\u00f3n\" value=\"\" type=\"text\" name=\"ext\" \/><\/span><br \/>\n<\/label>\n\t\t<\/p>\n\t<\/div>\n<\/div>\n<div class=\"formulario-grid\">\n\t<h2 class=\"seccion-titulo\">INFORMACI\u00d3N LABORAL\n\t<\/h2>\n\t<div class=\"columna\">\n\t\t<p><label>Lugar de Trabajo<br \/>\n<span class=\"wpcf7-form-control-wrap\" data-name=\"lugar-trabajo\"><input size=\"40\" maxlength=\"400\" class=\"wpcf7-form-control wpcf7-text wpcf7-validates-as-required\" aria-required=\"true\" aria-invalid=\"false\" placeholder=\"Ej. Banco Popular\" value=\"\" type=\"text\" name=\"lugar-trabajo\" \/><\/span><br \/>\n<\/label><br \/>\n<label>Profesi\u00f3n u Ocupaci\u00f3n<br \/>\n<span class=\"wpcf7-form-control-wrap\" data-name=\"profesion-ocupacion\"><input size=\"40\" maxlength=\"400\" class=\"wpcf7-form-control wpcf7-text wpcf7-validates-as-required\" aria-required=\"true\" aria-invalid=\"false\" placeholder=\"Ej. Contador\" value=\"\" type=\"text\" name=\"profesion-ocupacion\" \/><\/span><br \/>\n<\/label>\n\t\t<\/p>\n\t<\/div>\n<\/div>\n<div class=\"formulario-grid\">\n\t<h2 class=\"seccion-titulo\">RELACIONADOS DEL SOCIO\n\t<\/h2>\n\t<div class=\"columna\">\n\t\t<p><label>Nombre y Apellido<br \/>\n<span class=\"wpcf7-form-control-wrap\" data-name=\"nombre-relacionado\"><input size=\"40\" maxlength=\"400\" class=\"wpcf7-form-control wpcf7-text wpcf7-validates-as-required\" aria-required=\"true\" aria-invalid=\"false\" placeholder=\"Ej. Mar\u00eda P\u00e9rez\" value=\"\" type=\"text\" name=\"nombre-relacionado\" \/><\/span><br \/>\n<\/label><br \/>\n<label>Identificaci\u00f3n<br \/>\n<span class=\"wpcf7-form-control-wrap\" data-name=\"identificacion-relacionado\"><input size=\"40\" maxlength=\"400\" class=\"wpcf7-form-control wpcf7-text wpcf7-validates-as-required\" aria-required=\"true\" aria-invalid=\"false\" placeholder=\"000-0000000-0\" value=\"\" type=\"text\" name=\"identificacion-relacionado\" \/><\/span><br \/>\n<\/label><br \/>\n<label>Relaci\u00f3n<br \/>\n<span class=\"wpcf7-form-control-wrap\" data-name=\"relacion-relacionado\"><input size=\"40\" maxlength=\"400\" class=\"wpcf7-form-control wpcf7-text wpcf7-validates-as-required\" aria-required=\"true\" aria-invalid=\"false\" placeholder=\"Ej. Hermana\" value=\"\" type=\"text\" name=\"relacion-relacionado\" \/><\/span><br \/>\n<\/label>\n\t\t<\/p>\n\t<\/div>\n\t<div class=\"columna\">\n\t\t<p><label>Tel\u00e9fonos<br \/>\n<span class=\"wpcf7-form-control-wrap\" data-name=\"telefono-relacionado\"><input size=\"40\" maxlength=\"400\" class=\"wpcf7-form-control wpcf7-tel wpcf7-validates-as-required wpcf7-text wpcf7-validates-as-tel\" aria-required=\"true\" aria-invalid=\"false\" placeholder=\"809-000-0000\" value=\"\" type=\"tel\" name=\"telefono-relacionado\" \/><\/span><br \/>\n<\/label><br \/>\n<label>Observaciones<br \/>\n<span class=\"wpcf7-form-control-wrap\" data-name=\"observaciones-relacionado\"><input size=\"40\" maxlength=\"400\" class=\"wpcf7-form-control wpcf7-text\" aria-invalid=\"false\" placeholder=\"Informaci\u00f3n adicional\" value=\"\" type=\"text\" name=\"observaciones-relacionado\" \/><\/span><br \/>\n<\/label><br \/>\n<label>\u00bfQui\u00e9n lo recomend\u00f3?<br \/>\n<span class=\"wpcf7-form-control-wrap\" data-name=\"recomendacio\"><input size=\"40\" maxlength=\"400\" class=\"wpcf7-form-control wpcf7-text\" aria-invalid=\"false\" placeholder=\"Ej. Juan Rodr\u00edguez\" value=\"\" type=\"text\" name=\"recomendacio\" \/><\/span><br \/>\n<\/label>\n\t\t<\/p>\n\t<\/div>\n<\/div>\n<div class=\"formulario-grid\">\n\t<div class=\"columna\">\n\t\t<p><label><span class=\"wpcf7-form-control-wrap\" data-name=\"acceptance-111\"><span class=\"wpcf7-form-control wpcf7-acceptance optional\"><span class=\"wpcf7-list-item\"><label><input type=\"checkbox\" name=\"acceptance-111\" value=\"1\" aria-invalid=\"false\" \/><span class=\"wpcf7-list-item-label\">Acepto las condiciones.<\/span><\/label><\/span><\/span><\/span><\/label>\n\t\t<\/p>\n\t\t<p><br \/>\nDe ser admitido, autorizo a la administraci\u00f3n de la Cooperativa Agropecuaria y de Servicios M\u00faltiples de los Productores de Caf\u00e9, COOPPACA, a descontar la suma de RD$1,000.00 como cuota de admisi\u00f3n.\n\t\t<\/p>\n\t\t<p><br \/>\nDECLARACI\u00d3N JURADA: El(los) firmante(s) declara(n) que ha(n) proporcionado informaci\u00f3n veraz y autoriza(n) las revisiones necesarias sobre su historial crediticio y judicial. Declara(n) bajo juramento que los fondos manejados provienen de operaciones legales conforme a la Ley No. 72-02 Contra el Lavado de Activos y su reglamento.\n\t\t<\/p>\n\t<\/div>\n<\/div>\n<div class=\"formulario-grid\">\n\t<div class=\"columna\">\n\t\t<p><input class=\"wpcf7-form-control wpcf7-submit has-spinner\" type=\"submit\" value=\"Enviar informaci\u00f3n\" \/>\n\t\t<\/p>\n\t<\/div>\n<\/div><div class=\"wpcf7-response-output\" aria-hidden=\"true\"><\/div>\n<\/form>\n<\/div>\n<\/div>\n\t\t\t\t\t\t<\/div>\n\t\t\t\t<\/div>\n\t\t\t\t\t<\/div>\n\t\t\t\t<\/div>\n\t\t\t\t<\/div>\n\t\t","protected":false},"excerpt":{"rendered":"","protected":false},"author":1,"featured_media":0,"parent":0,"menu_order":0,"comment_status":"closed","ping_status":"closed","template":"","meta":{"site-sidebar-layout":"no-sidebar","site-content-layout":"","ast-site-content-layout":"full-width-container","site-content-style":"default","site-sidebar-style":"default","ast-global-header-display":"","ast-banner-title-visibility":"","ast-main-header-display":"","ast-hfb-above-header-display":"","ast-hfb-below-header-display":"","ast-hfb-mobile-header-display":"","site-post-title":"disabled","ast-breadcrumbs-content":"","ast-featured-img":"disabled","footer-sml-layout":"","theme-transparent-header-meta":"","adv-header-id-meta":"","stick-header-meta":"","header-above-stick-meta":"","header-main-stick-meta":"","header-below-stick-meta":"","astra-migrate-meta-layouts":"default","ast-page-background-enabled":"default","ast-page-background-meta":{"desktop":{"background-color":"var(--ast-global-color-5)","background-image":"","background-repeat":"repeat","background-position":"center center","background-size":"auto","background-attachment":"scroll","background-type":"","background-media":"","overlay-type":"","overlay-color":"","overlay-opacity":"","overlay-gradient":""},"tablet":{"background-color":"","background-image":"","background-repeat":"repeat","background-position":"center center","background-size":"auto","background-attachment":"scroll","background-type":"","background-media":"","overlay-type":"","overlay-color":"","overlay-opacity":"","overlay-gradient":""},"mobile":{"background-color":"","background-image":"","background-repeat":"repeat","background-position":"center center","background-size":"auto","background-attachment":"scroll","background-type":"","background-media":"","overlay-type":"","overlay-color":"","overlay-opacity":"","overlay-gradient":""}},"ast-content-background-meta":{"desktop":{"background-color":"var(--ast-global-color-4)","background-image":"","background-repeat":"repeat","background-position":"center center","background-size":"auto","background-attachment":"scroll","background-type":"","background-media":"","overlay-type":"","overlay-color":"","overlay-opacity":"","overlay-gradient":""},"tablet":{"background-color":"var(--ast-global-color-4)","background-image":"","background-repeat":"repeat","background-position":"center center","background-size":"auto","background-attachment":"scroll","background-type":"","background-media":"","overlay-type":"","overlay-color":"","overlay-opacity":"","overlay-gradient":""},"mobile":{"background-color":"var(--ast-global-color-4)","background-image":"","background-repeat":"repeat","background-position":"center center","background-size":"auto","background-attachment":"scroll","background-type":"","background-media":"","overlay-type":"","overlay-color":"","overlay-opacity":"","overlay-gradient":""}},"footnotes":""},"class_list":["post-132","page","type-page","status-publish","hentry"],"yoast_head":"<!-- This site is optimized with the Yoast SEO plugin v26.8 - https:\/\/yoast.com\/product\/yoast-seo-wordpress\/ -->\n<title>Nuevo Socio - cooppaca<\/title>\n<meta name=\"robots\" content=\"index, follow, max-snippet:-1, max-image-preview:large, max-video-preview:-1\" \/>\n<link rel=\"canonical\" href=\"https:\/\/cooppaca.com\/index.php\/nuevo-socio\/\" \/>\n<meta property=\"og:locale\" content=\"es_ES\" \/>\n<meta property=\"og:type\" content=\"article\" \/>\n<meta property=\"og:title\" content=\"Nuevo Socio - cooppaca\" \/>\n<meta property=\"og:url\" content=\"https:\/\/cooppaca.com\/index.php\/nuevo-socio\/\" \/>\n<meta property=\"og:site_name\" content=\"cooppaca\" \/>\n<meta property=\"article:modified_time\" content=\"2025-05-29T02:28:07+00:00\" \/>\n<meta name=\"twitter:card\" content=\"summary_large_image\" \/>\n<script type=\"application\/ld+json\" class=\"yoast-schema-graph\">{\"@context\":\"https:\/\/schema.org\",\"@graph\":[{\"@type\":\"WebPage\",\"@id\":\"https:\/\/cooppaca.com\/index.php\/nuevo-socio\/\",\"url\":\"https:\/\/cooppaca.com\/index.php\/nuevo-socio\/\",\"name\":\"Nuevo Socio - cooppaca\",\"isPartOf\":{\"@id\":\"https:\/\/cooppaca.com\/#website\"},\"datePublished\":\"2025-05-21T13:34:13+00:00\",\"dateModified\":\"2025-05-29T02:28:07+00:00\",\"breadcrumb\":{\"@id\":\"https:\/\/cooppaca.com\/index.php\/nuevo-socio\/#breadcrumb\"},\"inLanguage\":\"es-DO\",\"potentialAction\":[{\"@type\":\"ReadAction\",\"target\":[\"https:\/\/cooppaca.com\/index.php\/nuevo-socio\/\"]}]},{\"@type\":\"BreadcrumbList\",\"@id\":\"https:\/\/cooppaca.com\/index.php\/nuevo-socio\/#breadcrumb\",\"itemListElement\":[{\"@type\":\"ListItem\",\"position\":1,\"name\":\"Home\",\"item\":\"https:\/\/cooppaca.com\/\"},{\"@type\":\"ListItem\",\"position\":2,\"name\":\"Nuevo Socio\"}]},{\"@type\":\"WebSite\",\"@id\":\"https:\/\/cooppaca.com\/#website\",\"url\":\"https:\/\/cooppaca.com\/\",\"name\":\"cooppaca\",\"description\":\"COOPERATIVA DE AHORRO,  CR\u00c9DITO Y SERVICIOS M\u00daLTIPLES, INC.  PADRE LAS CASAS -COOPPACA\",\"publisher\":{\"@id\":\"https:\/\/cooppaca.com\/#organization\"},\"potentialAction\":[{\"@type\":\"SearchAction\",\"target\":{\"@type\":\"EntryPoint\",\"urlTemplate\":\"https:\/\/cooppaca.com\/?s={search_term_string}\"},\"query-input\":{\"@type\":\"PropertyValueSpecification\",\"valueRequired\":true,\"valueName\":\"search_term_string\"}}],\"inLanguage\":\"es-DO\"},{\"@type\":\"Organization\",\"@id\":\"https:\/\/cooppaca.com\/#organization\",\"name\":\"cooppaca\",\"url\":\"https:\/\/cooppaca.com\/\",\"logo\":{\"@type\":\"ImageObject\",\"inLanguage\":\"es-DO\",\"@id\":\"https:\/\/cooppaca.com\/#\/schema\/logo\/image\/\",\"url\":\"https:\/\/cooppaca.com\/wp-content\/uploads\/2025\/05\/cropped-coopaca-logo-new-png.png\",\"contentUrl\":\"https:\/\/cooppaca.com\/wp-content\/uploads\/2025\/05\/cropped-coopaca-logo-new-png.png\",\"width\":983,\"height\":225,\"caption\":\"cooppaca\"},\"image\":{\"@id\":\"https:\/\/cooppaca.com\/#\/schema\/logo\/image\/\"}}]}<\/script>\n<!-- \/ Yoast SEO plugin. -->","yoast_head_json":{"title":"Nuevo Socio - cooppaca","robots":{"index":"index","follow":"follow","max-snippet":"max-snippet:-1","max-image-preview":"max-image-preview:large","max-video-preview":"max-video-preview:-1"},"canonical":"https:\/\/cooppaca.com\/index.php\/nuevo-socio\/","og_locale":"es_ES","og_type":"article","og_title":"Nuevo Socio - cooppaca","og_url":"https:\/\/cooppaca.com\/index.php\/nuevo-socio\/","og_site_name":"cooppaca","article_modified_time":"2025-05-29T02:28:07+00:00","twitter_card":"summary_large_image","schema":{"@context":"https:\/\/schema.org","@graph":[{"@type":"WebPage","@id":"https:\/\/cooppaca.com\/index.php\/nuevo-socio\/","url":"https:\/\/cooppaca.com\/index.php\/nuevo-socio\/","name":"Nuevo Socio - cooppaca","isPartOf":{"@id":"https:\/\/cooppaca.com\/#website"},"datePublished":"2025-05-21T13:34:13+00:00","dateModified":"2025-05-29T02:28:07+00:00","breadcrumb":{"@id":"https:\/\/cooppaca.com\/index.php\/nuevo-socio\/#breadcrumb"},"inLanguage":"es-DO","potentialAction":[{"@type":"ReadAction","target":["https:\/\/cooppaca.com\/index.php\/nuevo-socio\/"]}]},{"@type":"BreadcrumbList","@id":"https:\/\/cooppaca.com\/index.php\/nuevo-socio\/#breadcrumb","itemListElement":[{"@type":"ListItem","position":1,"name":"Home","item":"https:\/\/cooppaca.com\/"},{"@type":"ListItem","position":2,"name":"Nuevo Socio"}]},{"@type":"WebSite","@id":"https:\/\/cooppaca.com\/#website","url":"https:\/\/cooppaca.com\/","name":"cooppaca","description":"COOPERATIVA DE AHORRO,  CR\u00c9DITO Y SERVICIOS M\u00daLTIPLES, INC.  PADRE LAS CASAS -COOPPACA","publisher":{"@id":"https:\/\/cooppaca.com\/#organization"},"potentialAction":[{"@type":"SearchAction","target":{"@type":"EntryPoint","urlTemplate":"https:\/\/cooppaca.com\/?s={search_term_string}"},"query-input":{"@type":"PropertyValueSpecification","valueRequired":true,"valueName":"search_term_string"}}],"inLanguage":"es-DO"},{"@type":"Organization","@id":"https:\/\/cooppaca.com\/#organization","name":"cooppaca","url":"https:\/\/cooppaca.com\/","logo":{"@type":"ImageObject","inLanguage":"es-DO","@id":"https:\/\/cooppaca.com\/#\/schema\/logo\/image\/","url":"https:\/\/cooppaca.com\/wp-content\/uploads\/2025\/05\/cropped-coopaca-logo-new-png.png","contentUrl":"https:\/\/cooppaca.com\/wp-content\/uploads\/2025\/05\/cropped-coopaca-logo-new-png.png","width":983,"height":225,"caption":"cooppaca"},"image":{"@id":"https:\/\/cooppaca.com\/#\/schema\/logo\/image\/"}}]}},"_links":{"self":[{"href":"https:\/\/cooppaca.com\/index.php\/wp-json\/wp\/v2\/pages\/132","targetHints":{"allow":["GET"]}}],"collection":[{"href":"https:\/\/cooppaca.com\/index.php\/wp-json\/wp\/v2\/pages"}],"about":[{"href":"https:\/\/cooppaca.com\/index.php\/wp-json\/wp\/v2\/types\/page"}],"author":[{"embeddable":true,"href":"https:\/\/cooppaca.com\/index.php\/wp-json\/wp\/v2\/users\/1"}],"replies":[{"embeddable":true,"href":"https:\/\/cooppaca.com\/index.php\/wp-json\/wp\/v2\/comments?post=132"}],"version-history":[{"count":7,"href":"https:\/\/cooppaca.com\/index.php\/wp-json\/wp\/v2\/pages\/132\/revisions"}],"predecessor-version":[{"id":247,"href":"https:\/\/cooppaca.com\/index.php\/wp-json\/wp\/v2\/pages\/132\/revisions\/247"}],"wp:attachment":[{"href":"https:\/\/cooppaca.com\/index.php\/wp-json\/wp\/v2\/media?parent=132"}],"curies":[{"name":"wp","href":"https:\/\/api.w.org\/{rel}","templated":true}]}}